{"id":6,"date":"2013-02-23T09:57:20","date_gmt":"2013-02-23T09:57:20","guid":{"rendered":"http:\/\/knowledgebase.inspirythemes.com\/?page_id=6"},"modified":"2020-05-29T06:25:53","modified_gmt":"2020-05-29T06:25:53","slug":"home","status":"publish","type":"page","link":"https:\/\/laboluz.webs.upv.es\/wiki\/","title":{"rendered":"Home"},"content":{"rendered":"\n<p><\/p>\n\n\n\n<p>Uno de los objetivos del proyecto: <em>Desarrollos de sistemas interactivos para la generaci\u00f3n y proyecci\u00f3n de imagen-luz y sonido: revisi\u00f3n de su incidencia en arte p\u00fablico<\/em>, es implementar un repositorio on-line bajo el formato de wiki colaborativa que recoja:<\/p>\n\n\n\n<p>a) un an\u00e1lisis cr\u00edtico de referentes art\u00edsticos y conceptuales, contemplando proyectos que hagan visibles las relaciones entre arte, tecnolog\u00eda, ciencia y sociedad.<\/p>\n\n\n\n<p>b) los recursos t\u00e9cnicos y las innovaciones utilizadas en los procesos de generaci\u00f3n, difusi\u00f3n y recepci\u00f3n de las proyecciones audiovisuales en el campo del arte digital interactivo.<\/p>\n\n\n\n<p>Puedes introducir un t\u00e9rmino en el buscador -rastrea todos las palabras introducidas en cada entrada-, o elegir una categor\u00eda para listar las entradas que la componen.<\/p>\n\n\n\n<p>Esperamos que este repositorio llegue a ser un espacio de referencia de las proyecciones audiovisuales vinculadas a las tecnolog\u00edas de la imagen digital para investigadores, empresas o industrias creativas desde la universidad p\u00fablica.<\/p>\n","protected":false},"excerpt":{"rendered":"<p>Uno de los objetivos del proyecto: Desarrollos de sistemas interactivos para la generaci\u00f3n y proyecci\u00f3n de imagen-luz y sonido: revisi\u00f3n de su incidencia en arte p\u00fablico, es implementar un repositorio on-line bajo el formato de wiki colaborativa que recoja: a) un an\u00e1lisis cr\u00edtico de referentes art\u00edsticos y conceptuales, contemplando proyectos . . . <a class=\"readmore-link\" href=\"https:\/\/laboluz.webs.upv.es\/wiki\/\">Leer mas<\/a><\/p>\n","protected":false},"author":1,"featured_media":0,"parent":0,"menu_order":0,"comment_status":"open","ping_status":"open","template":"template-home.php","meta":{"_acf_changed":false,"_bbp_topic_count":0,"_bbp_reply_count":0,"_bbp_total_topic_count":0,"_bbp_total_reply_count":0,"_bbp_voice_count":0,"_bbp_anonymous_reply_count":0,"_bbp_topic_count_hidden":0,"_bbp_reply_count_hidden":0,"_bbp_forum_subforum_count":0,"footnotes":""},"class_list":["post-6","page","type-page","status-publish","hentry"],"acf":[],"_links":{"self":[{"href":"https:\/\/laboluz.webs.upv.es\/wiki\/wp-json\/wp\/v2\/pages\/6"}],"collection":[{"href":"https:\/\/laboluz.webs.upv.es\/wiki\/wp-json\/wp\/v2\/pages"}],"about":[{"href":"https:\/\/laboluz.webs.upv.es\/wiki\/wp-json\/wp\/v2\/types\/page"}],"author":[{"embeddable":true,"href":"https:\/\/laboluz.webs.upv.es\/wiki\/wp-json\/wp\/v2\/users\/1"}],"replies":[{"embeddable":true,"href":"https:\/\/laboluz.webs.upv.es\/wiki\/wp-json\/wp\/v2\/comments?post=6"}],"version-history":[{"count":2,"href":"https:\/\/laboluz.webs.upv.es\/wiki\/wp-json\/wp\/v2\/pages\/6\/revisions"}],"predecessor-version":[{"id":626,"href":"https:\/\/laboluz.webs.upv.es\/wiki\/wp-json\/wp\/v2\/pages\/6\/revisions\/626"}],"wp:attachment":[{"href":"https:\/\/laboluz.webs.upv.es\/wiki\/wp-json\/wp\/v2\/media?parent=6"}],"curies":[{"name":"wp","href":"https:\/\/api.w.org\/{rel}","templated":true}]}}